{"id":24,"date":"2024-02-09T11:20:39","date_gmt":"2024-02-09T10:20:39","guid":{"rendered":"https:\/\/accounting-advisory.pl\/?page_id=24"},"modified":"2025-01-22T22:11:55","modified_gmt":"2025-01-22T21:11:55","slug":"o-nas","status":"publish","type":"page","link":"https:\/\/accounting-advisory.pl\/index.php\/o-nas\/","title":{"rendered":"O nas"},"content":{"rendered":"\t\t<div data-elementor-type=\"wp-page\" data-elementor-id=\"24\" class=\"elementor elementor-24\" data-elementor-post-type=\"page\">\n\t\t\t\t\t\t<section class=\"elementor-section elementor-top-section elementor-element elementor-element-f018fd9 elementor-section-full_width elementor-section-height-min-height elementor-section-height-default elementor-section-items-middle\" data-id=\"f018fd9\" data-element_type=\"section\" data-settings=\"{&quot;ekit_has_onepagescroll_dot&quot;:&quot;yes&quot;}\">\n\t\t\t\t\t\t<div class=\"elementor-container elementor-column-gap-default\">\n\t\t\t\t\t<div class=\"elementor-column elementor-col-100 elementor-top-column elementor-element elementor-element-0919cd3\" data-id=\"0919cd3\" data-element_type=\"column\">\n\t\t\t<div class=\"elementor-widget-wrap elementor-element-populated\">\n\t\t\t\t\t\t<div class=\"elementor-element elementor-element-927f58c elementor--h-position-center elementor--v-position-middle elementor-arrows-position-inside elementor-pagination-position-inside elementor-widget elementor-widget-slides\" data-id=\"927f58c\" data-element_type=\"widget\" data-settings=\"{&quot;navigation&quot;:&quot;both&quot;,&quot;autoplay&quot;:&quot;yes&quot;,&quot;pause_on_hover&quot;:&quot;yes&quot;,&quot;pause_on_interaction&quot;:&quot;yes&quot;,&quot;autoplay_speed&quot;:5000,&quot;infinite&quot;:&quot;yes&quot;,&quot;transition&quot;:&quot;slide&quot;,&quot;transition_speed&quot;:500,&quot;ekit_we_effect_on&quot;:&quot;none&quot;}\" data-widget_type=\"slides.default\">\n\t\t\t\t<div class=\"elementor-widget-container\">\n\t\t\t\t\t\t\t\t\t<div class=\"elementor-swiper\">\n\t\t\t\t\t<div class=\"elementor-slides-wrapper elementor-main-swiper swiper\" role=\"region\" aria-roledescription=\"carousel\" aria-label=\"Slides\" dir=\"ltr\" data-animation=\"fadeInUp\">\n\t\t\t\t<div class=\"swiper-wrapper elementor-slides\">\n\t\t\t\t\t\t\t\t\t\t<div class=\"elementor-repeater-item-210a531 swiper-slide\" role=\"group\" aria-roledescription=\"slide\"><div class=\"swiper-slide-bg\" role=\"img\"><\/div><div class=\"swiper-slide-inner\" ><div class=\"swiper-slide-contents\"><div class=\"elementor-slide-heading\">Poznaj nas<\/div><\/div><\/div><\/div>\t\t\t\t<\/div>\n\t\t\t\t\t\t\t<\/div>\n\t\t\t\t<\/div>\n\t\t\t\t\t\t\t\t<\/div>\n\t\t\t\t<\/div>\n\t\t\t\t\t<\/div>\n\t\t<\/div>\n\t\t\t\t\t<\/div>\n\t\t<\/section>\n\t\t\t\t<section class=\"elementor-section elementor-top-section elementor-element elementor-element-5469fcc elementor-section-boxed elementor-section-height-default elementor-section-height-default\" data-id=\"5469fcc\" data-element_type=\"section\" data-settings=\"{&quot;background_background&quot;:&quot;classic&quot;,&quot;ekit_has_onepagescroll_dot&quot;:&quot;yes&quot;}\">\n\t\t\t\t\t\t<div class=\"elementor-container elementor-column-gap-default\">\n\t\t\t\t\t<div class=\"elementor-column elementor-col-100 elementor-top-column elementor-element elementor-element-f297a9b\" data-id=\"f297a9b\" data-element_type=\"column\" data-settings=\"{&quot;background_background&quot;:&quot;gradient&quot;}\">\n\t\t\t<div class=\"elementor-widget-wrap elementor-element-populated\">\n\t\t\t\t\t<div class=\"elementor-background-overlay\"><\/div>\n\t\t\t\t\t\t<section class=\"elementor-section elementor-inner-section elementor-element elementor-element-812fce5 elementor-section-boxed elementor-section-height-default elementor-section-height-default\" data-id=\"812fce5\" data-element_type=\"section\" data-settings=\"{&quot;background_background&quot;:&quot;classic&quot;,&quot;ekit_has_onepagescroll_dot&quot;:&quot;yes&quot;}\">\n\t\t\t\t\t\t<div class=\"elementor-container elementor-column-gap-default\">\n\t\t\t\t\t<div class=\"elementor-column elementor-col-50 elementor-inner-column elementor-element elementor-element-b31d335\" data-id=\"b31d335\" data-element_type=\"column\">\n\t\t\t<div class=\"elementor-widget-wrap elementor-element-populated\">\n\t\t\t\t\t\t<div class=\"elementor-element elementor-element-21fdb04 elementor-widget elementor-widget-heading\" data-id=\"21fdb04\" data-element_type=\"widget\" data-settings=\"{&quot;ekit_we_effect_on&quot;:&quot;none&quot;}\" data-widget_type=\"heading.default\">\n\t\t\t\t<div class=\"elementor-widget-container\">\n\t\t\t\t\t<h2 class=\"elementor-heading-title elementor-size-default\">O nas<\/h2>\t\t\t\t<\/div>\n\t\t\t\t<\/div>\n\t\t\t\t<div class=\"elementor-element elementor-element-ffd6a9c elementor-widget elementor-widget-text-editor\" data-id=\"ffd6a9c\" data-element_type=\"widget\" data-settings=\"{&quot;ekit_we_effect_on&quot;:&quot;none&quot;}\" data-widget_type=\"text-editor.default\">\n\t\t\t\t<div class=\"elementor-widget-container\">\n\t\t\t\t\t\t\t\t\t<p>Firma Accounting &amp; Advisory Sp. z o.o. \u015bwiadczy us\u0142ugi ksi\u0119gowe dla ma\u0142ych, \u015brednich i du\u017cych podmiot\u00f3w gospodarczych bez wzgl\u0119du na profil dzia\u0142alno\u015bci. W\u0142a\u015bciciele firmy posiadaj\u0105 ponad 10 letnie do\u015bwiadczenie w dzia\u0142alno\u015bci ksi\u0119gowej. Swoje do\u015bwiadczenie zdobyli pracuj\u0105c w biurach rachunkowych obs\u0142uguj\u0105c du\u017ce polskie jak i zagraniczne sp\u00f3\u0142ki kapita\u0142owe (w tym gie\u0142dowe sporz\u0105dzaj\u0105ce skonsolidowane sprawozdania finansowe). Posiadamy Licencj\u0119 Ministra Finans\u00f3w na prowadzenie ksi\u0105g rachunkowych i zgodnie z obowi\u0105zuj\u0105cym w Polsce prawem ubezpieczenie OC. Nasza elastyczno\u015b\u0107 i do\u015bwiadczenie na rynku pozwala nam na przygotowanie dla Pa\u0144stwa oferty, dostosowanej do profilu dzia\u0142alno\u015bci firmy, wymaga\u0144 i oczekiwa\u0144. Realizuj\u0105c nasze us\u0142ugi wykorzystujemy zaawansowane oprogramowanie ksi\u0119gowe, posiadaj\u0105ce pe\u0142ne wsparcie serwisowe dostawc\u00f3w oprogramowania. Posiadamy te\u017c w\u0142asnych specjalist\u00f3w IT dbaj\u0105cych o bezpiecze\u0144stwo i ci\u0105g\u0142o\u015b\u0107 dzia\u0142ania naszych system\u00f3w informatycznych.<\/p>\t\t\t\t\t\t\t\t<\/div>\n\t\t\t\t<\/div>\n\t\t\t\t\t<\/div>\n\t\t<\/div>\n\t\t\t\t<div class=\"elementor-column elementor-col-50 elementor-inner-column elementor-element elementor-element-472a9a8 elementor-hidden-mobile\" data-id=\"472a9a8\" data-element_type=\"column\">\n\t\t\t<div class=\"elementor-widget-wrap elementor-element-populated\">\n\t\t\t\t\t\t<div class=\"elementor-element elementor-element-34eb8df elementor-widget elementor-widget-image\" data-id=\"34eb8df\" data-element_type=\"widget\" data-settings=\"{&quot;ekit_we_effect_on&quot;:&quot;none&quot;}\" data-widget_type=\"image.default\">\n\t\t\t\t<div class=\"elementor-widget-container\">\n\t\t\t\t\t\t\t\t\t\t\t\t\t\t\t<img fetchpriority=\"high\" decoding=\"async\" width=\"800\" height=\"486\" src=\"https:\/\/accounting-advisory.pl\/wp-content\/uploads\/2024\/12\/Zrzut-ekranu-2024-12-02-110004-1024x622.png\" class=\"attachment-large size-large wp-image-1283\" alt=\"\" srcset=\"https:\/\/accounting-advisory.pl\/wp-content\/uploads\/2024\/12\/Zrzut-ekranu-2024-12-02-110004-1024x622.png 1024w, https:\/\/accounting-advisory.pl\/wp-content\/uploads\/2024\/12\/Zrzut-ekranu-2024-12-02-110004-300x182.png 300w, https:\/\/accounting-advisory.pl\/wp-content\/uploads\/2024\/12\/Zrzut-ekranu-2024-12-02-110004-768x466.png 768w, https:\/\/accounting-advisory.pl\/wp-content\/uploads\/2024\/12\/Zrzut-ekranu-2024-12-02-110004.png 1255w\" sizes=\"(max-width: 800px) 100vw, 800px\" \/>\t\t\t\t\t\t\t\t\t\t\t\t\t\t\t<\/div>\n\t\t\t\t<\/div>\n\t\t\t\t\t<\/div>\n\t\t<\/div>\n\t\t\t\t\t<\/div>\n\t\t<\/section>\n\t\t\t\t\t<\/div>\n\t\t<\/div>\n\t\t\t\t\t<\/div>\n\t\t<\/section>\n\t\t\t\t<\/div>\n\t\t","protected":false},"excerpt":{"rendered":"<p>Poznaj nas O nas Firma Accounting &amp; Advisory Sp. z o.o. \u015bwiadczy us\u0142ugi ksi\u0119gowe dla ma\u0142ych, \u015brednich i du\u017cych podmiot\u00f3w gospodarczych bez wzgl\u0119du na profil dzia\u0142alno\u015bci. W\u0142a\u015bciciele firmy posiadaj\u0105 ponad 10 letnie do\u015bwiadczenie w dzia\u0142alno\u015bci ksi\u0119gowej. Swoje do\u015bwiadczenie zdobyli pracuj\u0105c w biurach rachunkowych obs\u0142uguj\u0105c du\u017ce polskie jak i zagraniczne sp\u00f3\u0142ki kapita\u0142owe (w tym gie\u0142dowe sporz\u0105dzaj\u0105ce [&hellip;]<\/p>\n","protected":false},"author":1,"featured_media":0,"parent":0,"menu_order":0,"comment_status":"closed","ping_status":"closed","template":"","meta":{"_acf_changed":false,"footnotes":""},"class_list":["post-24","page","type-page","status-publish","hentry"],"acf":[],"_links":{"self":[{"href":"https:\/\/accounting-advisory.pl\/index.php\/wp-json\/wp\/v2\/pages\/24","targetHints":{"allow":["GET"]}}],"collection":[{"href":"https:\/\/accounting-advisory.pl\/index.php\/wp-json\/wp\/v2\/pages"}],"about":[{"href":"https:\/\/accounting-advisory.pl\/index.php\/wp-json\/wp\/v2\/types\/page"}],"author":[{"embeddable":true,"href":"https:\/\/accounting-advisory.pl\/index.php\/wp-json\/wp\/v2\/users\/1"}],"replies":[{"embeddable":true,"href":"https:\/\/accounting-advisory.pl\/index.php\/wp-json\/wp\/v2\/comments?post=24"}],"version-history":[{"count":43,"href":"https:\/\/accounting-advisory.pl\/index.php\/wp-json\/wp\/v2\/pages\/24\/revisions"}],"predecessor-version":[{"id":1869,"href":"https:\/\/accounting-advisory.pl\/index.php\/wp-json\/wp\/v2\/pages\/24\/revisions\/1869"}],"wp:attachment":[{"href":"https:\/\/accounting-advisory.pl\/index.php\/wp-json\/wp\/v2\/media?parent=24"}],"curies":[{"name":"wp","href":"https:\/\/api.w.org\/{rel}","templated":true}]}}