{"id":1360,"date":"2024-12-02T13:23:11","date_gmt":"2024-12-02T12:23:11","guid":{"rendered":"https:\/\/accounting-advisory.pl\/?page_id=1360"},"modified":"2025-01-22T22:07:58","modified_gmt":"2025-01-22T21:07:58","slug":"aktualnosci","status":"publish","type":"page","link":"https:\/\/accounting-advisory.pl\/index.php\/aktualnosci\/","title":{"rendered":"Aktualno\u015bci"},"content":{"rendered":"\t\t<div data-elementor-type=\"wp-page\" data-elementor-id=\"1360\" class=\"elementor elementor-1360\" data-elementor-post-type=\"page\">\n\t\t\t\t\t\t<section class=\"elementor-section elementor-top-section elementor-element elementor-element-eaf1649 elementor-section-full_width elementor-section-height-default elementor-section-height-default\" data-id=\"eaf1649\" data-element_type=\"section\" data-settings=\"{&quot;ekit_has_onepagescroll_dot&quot;:&quot;yes&quot;}\">\n\t\t\t\t\t\t<div class=\"elementor-container elementor-column-gap-default\">\n\t\t\t\t\t<div class=\"elementor-column elementor-col-100 elementor-top-column elementor-element elementor-element-fc53c97\" data-id=\"fc53c97\" data-element_type=\"column\">\n\t\t\t<div class=\"elementor-widget-wrap elementor-element-populated\">\n\t\t\t\t\t\t<div class=\"elementor-element elementor-element-bc64b74 elementor-widget elementor-widget-heading\" data-id=\"bc64b74\" data-element_type=\"widget\" data-settings=\"{&quot;ekit_we_effect_on&quot;:&quot;none&quot;}\" data-widget_type=\"heading.default\">\n\t\t\t\t<div class=\"elementor-widget-container\">\n\t\t\t\t\t<h2 class=\"elementor-heading-title elementor-size-default\">Aktualno\u015bci<\/h2>\t\t\t\t<\/div>\n\t\t\t\t<\/div>\n\t\t\t\t\t<\/div>\n\t\t<\/div>\n\t\t\t\t\t<\/div>\n\t\t<\/section>\n\t\t\t\t<section class=\"elementor-section elementor-top-section elementor-element elementor-element-54e5367 elementor-section-boxed elementor-section-height-default elementor-section-height-default\" data-id=\"54e5367\" data-element_type=\"section\" data-settings=\"{&quot;ekit_has_onepagescroll_dot&quot;:&quot;yes&quot;}\">\n\t\t\t\t\t\t<div class=\"elementor-container elementor-column-gap-default\">\n\t\t\t\t\t<div class=\"elementor-column elementor-col-100 elementor-top-column elementor-element elementor-element-2a2f923\" data-id=\"2a2f923\" data-element_type=\"column\">\n\t\t\t<div class=\"elementor-widget-wrap elementor-element-populated\">\n\t\t\t\t\t\t<div class=\"elementor-element elementor-element-32e1c91 elementor-grid-3 elementor-grid-tablet-2 elementor-grid-mobile-1 elementor-posts--thumbnail-top elementor-card-shadow-yes elementor-posts__hover-gradient elementor-widget elementor-widget-posts\" data-id=\"32e1c91\" data-element_type=\"widget\" data-settings=\"{&quot;cards_columns&quot;:&quot;3&quot;,&quot;cards_columns_tablet&quot;:&quot;2&quot;,&quot;cards_columns_mobile&quot;:&quot;1&quot;,&quot;cards_row_gap&quot;:{&quot;unit&quot;:&quot;px&quot;,&quot;size&quot;:35,&quot;sizes&quot;:[]},&quot;cards_row_gap_tablet&quot;:{&quot;unit&quot;:&quot;px&quot;,&quot;size&quot;:&quot;&quot;,&quot;sizes&quot;:[]},&quot;cards_row_gap_mobile&quot;:{&quot;unit&quot;:&quot;px&quot;,&quot;size&quot;:&quot;&quot;,&quot;sizes&quot;:[]},&quot;ekit_we_effect_on&quot;:&quot;none&quot;}\" data-widget_type=\"posts.cards\">\n\t\t\t\t<div class=\"elementor-widget-container\">\n\t\t\t\t\t\t\t<div class=\"elementor-posts-container elementor-posts elementor-posts--skin-cards elementor-grid\">\n\t\t\t\t<article class=\"elementor-post elementor-grid-item post-1376 post type-post status-publish format-standard has-post-thumbnail hentry category-bez-kategorii\">\n\t\t\t<div class=\"elementor-post__card\">\n\t\t\t\t<a class=\"elementor-post__thumbnail__link\" href=\"https:\/\/accounting-advisory.pl\/index.php\/2024\/12\/02\/nowosci-w-naszej-firmie\/\" tabindex=\"-1\" ><div class=\"elementor-post__thumbnail\"><img fetchpriority=\"high\" decoding=\"async\" width=\"300\" height=\"182\" src=\"https:\/\/accounting-advisory.pl\/wp-content\/uploads\/2024\/12\/Zrzut-ekranu-2024-12-02-110015-300x182.png\" class=\"attachment-medium size-medium wp-image-1282\" alt=\"\" srcset=\"https:\/\/accounting-advisory.pl\/wp-content\/uploads\/2024\/12\/Zrzut-ekranu-2024-12-02-110015-300x182.png 300w, https:\/\/accounting-advisory.pl\/wp-content\/uploads\/2024\/12\/Zrzut-ekranu-2024-12-02-110015-1024x620.png 1024w, https:\/\/accounting-advisory.pl\/wp-content\/uploads\/2024\/12\/Zrzut-ekranu-2024-12-02-110015-768x465.png 768w, https:\/\/accounting-advisory.pl\/wp-content\/uploads\/2024\/12\/Zrzut-ekranu-2024-12-02-110015.png 1247w\" sizes=\"(max-width: 300px) 100vw, 300px\" \/><\/div><\/a>\n\t\t\t\t<div class=\"elementor-post__badge\">Bez kategorii<\/div>\n\t\t\t\t<div class=\"elementor-post__text\">\n\t\t\t\t<h3 class=\"elementor-post__title\">\n\t\t\t<a href=\"https:\/\/accounting-advisory.pl\/index.php\/2024\/12\/02\/nowosci-w-naszej-firmie\/\" >\n\t\t\t\tZ nami otworzysz sp\u00f3\u0142k\u0119 z o.o. i skorzystasz z rabat\u00f3w na us\u0142ugi ksi\u0119gowe!\t\t\t<\/a>\n\t\t<\/h3>\n\t\t\n\t\t<a class=\"elementor-post__read-more\" href=\"https:\/\/accounting-advisory.pl\/index.php\/2024\/12\/02\/nowosci-w-naszej-firmie\/\" aria-label=\"Read more about Z nami otworzysz sp\u00f3\u0142k\u0119 z o.o. i skorzystasz z rabat\u00f3w na us\u0142ugi ksi\u0119gowe!\" tabindex=\"-1\" >\n\t\t\tWi\u0119cej \u00bb\t\t<\/a>\n\n\t\t\t\t<\/div>\n\t\t\t\t<div class=\"elementor-post__meta-data\">\n\t\t\t\t\t<span class=\"elementor-post-date\">\n\t\t\t2024-12-02\t\t<\/span>\n\t\t\t\t<span class=\"elementor-post-avatar\">\n\t\t\tBrak komentarzy\t\t<\/span>\n\t\t\t\t<\/div>\n\t\t\t\t\t<\/div>\n\t\t<\/article>\n\t\t\t\t<article class=\"elementor-post elementor-grid-item post-1367 post type-post status-publish format-standard has-post-thumbnail hentry category-bez-kategorii\">\n\t\t\t<div class=\"elementor-post__card\">\n\t\t\t\t<a class=\"elementor-post__thumbnail__link\" href=\"https:\/\/accounting-advisory.pl\/index.php\/2024\/12\/02\/nowy-cennik-zapraszamy\/\" tabindex=\"-1\" ><div class=\"elementor-post__thumbnail\"><img decoding=\"async\" width=\"300\" height=\"187\" src=\"https:\/\/accounting-advisory.pl\/wp-content\/uploads\/2024\/12\/Zrzut-ekranu-2024-12-02-105932-300x187.png\" class=\"attachment-medium size-medium wp-image-1285\" alt=\"\" srcset=\"https:\/\/accounting-advisory.pl\/wp-content\/uploads\/2024\/12\/Zrzut-ekranu-2024-12-02-105932-300x187.png 300w, https:\/\/accounting-advisory.pl\/wp-content\/uploads\/2024\/12\/Zrzut-ekranu-2024-12-02-105932-1024x639.png 1024w, https:\/\/accounting-advisory.pl\/wp-content\/uploads\/2024\/12\/Zrzut-ekranu-2024-12-02-105932-768x479.png 768w, https:\/\/accounting-advisory.pl\/wp-content\/uploads\/2024\/12\/Zrzut-ekranu-2024-12-02-105932.png 1265w\" sizes=\"(max-width: 300px) 100vw, 300px\" \/><\/div><\/a>\n\t\t\t\t<div class=\"elementor-post__badge\">Bez kategorii<\/div>\n\t\t\t\t<div class=\"elementor-post__text\">\n\t\t\t\t<h3 class=\"elementor-post__title\">\n\t\t\t<a href=\"https:\/\/accounting-advisory.pl\/index.php\/2024\/12\/02\/nowy-cennik-zapraszamy\/\" >\n\t\t\t\tOferujemy doskona\u0142e narz\u0119dzia wsp\u00f3\u0142pracy zdalnej\t\t\t<\/a>\n\t\t<\/h3>\n\t\t\n\t\t<a class=\"elementor-post__read-more\" href=\"https:\/\/accounting-advisory.pl\/index.php\/2024\/12\/02\/nowy-cennik-zapraszamy\/\" aria-label=\"Read more about Oferujemy doskona\u0142e narz\u0119dzia wsp\u00f3\u0142pracy zdalnej\" tabindex=\"-1\" >\n\t\t\tWi\u0119cej \u00bb\t\t<\/a>\n\n\t\t\t\t<\/div>\n\t\t\t\t<div class=\"elementor-post__meta-data\">\n\t\t\t\t\t<span class=\"elementor-post-date\">\n\t\t\t2024-12-02\t\t<\/span>\n\t\t\t\t<span class=\"elementor-post-avatar\">\n\t\t\tBrak komentarzy\t\t<\/span>\n\t\t\t\t<\/div>\n\t\t\t\t\t<\/div>\n\t\t<\/article>\n\t\t\t\t<article class=\"elementor-post elementor-grid-item post-1 post type-post status-publish format-standard has-post-thumbnail hentry category-bez-kategorii\">\n\t\t\t<div class=\"elementor-post__card\">\n\t\t\t\t<a class=\"elementor-post__thumbnail__link\" href=\"https:\/\/accounting-advisory.pl\/index.php\/2024\/02\/05\/witaj-swiecie\/\" tabindex=\"-1\" ><div class=\"elementor-post__thumbnail\"><img decoding=\"async\" width=\"300\" height=\"182\" src=\"https:\/\/accounting-advisory.pl\/wp-content\/uploads\/2024\/12\/Zrzut-ekranu-2024-12-02-110004-300x182.png\" class=\"attachment-medium size-medium wp-image-1283\" alt=\"\" srcset=\"https:\/\/accounting-advisory.pl\/wp-content\/uploads\/2024\/12\/Zrzut-ekranu-2024-12-02-110004-300x182.png 300w, https:\/\/accounting-advisory.pl\/wp-content\/uploads\/2024\/12\/Zrzut-ekranu-2024-12-02-110004-1024x622.png 1024w, https:\/\/accounting-advisory.pl\/wp-content\/uploads\/2024\/12\/Zrzut-ekranu-2024-12-02-110004-768x466.png 768w, https:\/\/accounting-advisory.pl\/wp-content\/uploads\/2024\/12\/Zrzut-ekranu-2024-12-02-110004.png 1255w\" sizes=\"(max-width: 300px) 100vw, 300px\" \/><\/div><\/a>\n\t\t\t\t<div class=\"elementor-post__badge\">Bez kategorii<\/div>\n\t\t\t\t<div class=\"elementor-post__text\">\n\t\t\t\t<h3 class=\"elementor-post__title\">\n\t\t\t<a href=\"https:\/\/accounting-advisory.pl\/index.php\/2024\/02\/05\/witaj-swiecie\/\" >\n\t\t\t\tPrzygotowania do wej\u015bcia w \u017cycie KSEF\t\t\t<\/a>\n\t\t<\/h3>\n\t\t\n\t\t<a class=\"elementor-post__read-more\" href=\"https:\/\/accounting-advisory.pl\/index.php\/2024\/02\/05\/witaj-swiecie\/\" aria-label=\"Read more about Przygotowania do wej\u015bcia w \u017cycie KSEF\" tabindex=\"-1\" >\n\t\t\tWi\u0119cej \u00bb\t\t<\/a>\n\n\t\t\t\t<\/div>\n\t\t\t\t<div class=\"elementor-post__meta-data\">\n\t\t\t\t\t<span class=\"elementor-post-date\">\n\t\t\t2024-02-05\t\t<\/span>\n\t\t\t\t<span class=\"elementor-post-avatar\">\n\t\t\tJeden komentarz\t\t<\/span>\n\t\t\t\t<\/div>\n\t\t\t\t\t<\/div>\n\t\t<\/article>\n\t\t\t\t<\/div>\n\t\t\n\t\t\t\t\t\t<\/div>\n\t\t\t\t<\/div>\n\t\t\t\t\t<\/div>\n\t\t<\/div>\n\t\t\t\t\t<\/div>\n\t\t<\/section>\n\t\t\t\t<\/div>\n\t\t","protected":false},"excerpt":{"rendered":"<p>Aktualno\u015bci<\/p>\n","protected":false},"author":1,"featured_media":0,"parent":0,"menu_order":0,"comment_status":"closed","ping_status":"closed","template":"","meta":{"_acf_changed":false,"footnotes":""},"class_list":["post-1360","page","type-page","status-publish","hentry"],"acf":[],"_links":{"self":[{"href":"https:\/\/accounting-advisory.pl\/index.php\/wp-json\/wp\/v2\/pages\/1360","targetHints":{"allow":["GET"]}}],"collection":[{"href":"https:\/\/accounting-advisory.pl\/index.php\/wp-json\/wp\/v2\/pages"}],"about":[{"href":"https:\/\/accounting-advisory.pl\/index.php\/wp-json\/wp\/v2\/types\/page"}],"author":[{"embeddable":true,"href":"https:\/\/accounting-advisory.pl\/index.php\/wp-json\/wp\/v2\/users\/1"}],"replies":[{"embeddable":true,"href":"https:\/\/accounting-advisory.pl\/index.php\/wp-json\/wp\/v2\/comments?post=1360"}],"version-history":[{"count":19,"href":"https:\/\/accounting-advisory.pl\/index.php\/wp-json\/wp\/v2\/pages\/1360\/revisions"}],"predecessor-version":[{"id":1866,"href":"https:\/\/accounting-advisory.pl\/index.php\/wp-json\/wp\/v2\/pages\/1360\/revisions\/1866"}],"wp:attachment":[{"href":"https:\/\/accounting-advisory.pl\/index.php\/wp-json\/wp\/v2\/media?parent=1360"}],"curies":[{"name":"wp","href":"https:\/\/api.w.org\/{rel}","templated":true}]}}